{"id":3,"date":"2024-07-13T12:11:15","date_gmt":"2024-07-13T12:11:15","guid":{"rendered":"https:\/\/mhtransfer.com\/?page_id=3"},"modified":"2024-08-23T02:58:25","modified_gmt":"2024-08-23T02:58:25","slug":"privacy-policy","status":"publish","type":"page","link":"https:\/\/mhtransfer.com\/tr\/privacy-policy\/","title":{"rendered":"Privacy Policy"},"content":{"rendered":"\t\t<div data-elementor-type=\"wp-page\" data-elementor-id=\"3\" class=\"elementor elementor-3\" data-elementor-post-type=\"page\">\n\t\t\t\t<div class=\"elementor-element elementor-element-5e5cd96f e-flex e-con-boxed e-con e-parent\" data-id=\"5e5cd96f\" data-element_type=\"container\" data-e-type=\"container\">\n\t\t\t\t\t<div class=\"e-con-inner\">\n\t\t\t\t<div class=\"elementor-element elementor-element-4f67f069 elementor-widget elementor-widget-text-editor\" data-id=\"4f67f069\" data-element_type=\"widget\" data-e-type=\"widget\" data-widget_type=\"text-editor.default\">\n\t\t\t\t<div class=\"elementor-widget-container\">\n\t\t\t\t\t\t\t\t\t<p><strong>Gizlilik Politikas\u0131<\/strong><\/p><p>Son G\u00fcncelleme: 25 Temmuz 2024<\/p><p>Ge\u00e7erlilik Tarihi: 26 Temmuz 2024<\/p><p>Bu Gizlilik Politikas\u0131, Fatih Avvuran taraf\u0131ndan sa\u011flanan hizmetlerin (<a href=\"https:\/\/mhtransfer.com\/\" target=\"_new\" rel=\"noopener\">https:\/\/mhtransfer.com\/<\/a>) bilgilerinizi toplama, kullanma ve if\u015fa etme politikalar\u0131n\u0131 a\u00e7\u0131klar. Adres ve ileti\u015fim bilgileri a\u015fa\u011f\u0131dad\u0131r:<\/p><p><strong>Fatih Avvuran<\/strong><br \/>Heimerstra\u00dfe 131,<br \/>41748 Viersen,<br \/>Almanya<br \/>E-posta: <a rel=\"noopener\">info@mhtransfer.com<\/a><br \/>Telefon: +49 213 32182986<\/p><p>Hizmeti eri\u015fiminiz veya kullan\u0131m\u0131n\u0131z, bilgilerinizi bu Gizlilik Politikas\u0131\u2019na uygun olarak toplama, kullanma ve if\u015fa etme onay\u0131n\u0131 verdi\u011finizi kabul eder. E\u011fer buna onay vermiyorsan\u0131z, l\u00fctfen Hizmeti kullanmay\u0131n veya eri\u015fmeyin.<\/p><p>Bu Gizlilik Politikas\u0131n\u0131 herhangi bir \u00f6nceden bildirimde bulunmaks\u0131z\u0131n de\u011fi\u015ftirebiliriz ve revize edilmi\u015f Gizlilik Politikas\u0131n\u0131 Hizmet \u00fczerinde yay\u0131mlayaca\u011f\u0131z. Revize edilmi\u015f Politika, yay\u0131mland\u0131\u011f\u0131 tarihten itibaren 180 g\u00fcn sonra ge\u00e7erli olacakt\u0131r ve bu s\u00fcre zarf\u0131nda Hizmeti kullanmaya devam etmeniz, revize edilmi\u015f Gizlilik Politikas\u0131n\u0131 kabul etti\u011finiz anlam\u0131na gelir. Bu nedenle, bu sayfay\u0131 periyodik olarak g\u00f6zden ge\u00e7irmenizi \u00f6neririz.<\/p><p><strong>Haklar\u0131n\u0131z:<\/strong><\/p><p>Uygulanan yasaya ba\u011fl\u0131 olarak, ki\u015fisel verilerinize eri\u015fme ve d\u00fczeltme veya silme hakk\u0131na sahip olabilir, ki\u015fisel verilerinizin bir kopyas\u0131n\u0131 alma, verilerinizin aktif i\u015flenmesini k\u0131s\u0131tlama veya itiraz etme, ki\u015fisel bilgilerinizi ba\u015fka bir kurulu\u015fa aktarmam\u0131z\u0131 (ta\u015f\u0131nmas\u0131n\u0131) talep etme, verilerinizi i\u015flemek i\u00e7in verdi\u011finiz onay\u0131 geri \u00e7ekme, yetkili makamlara \u015fikayette bulunma hakk\u0131na sahip olabilirsiniz ve uygulanabilir yasalara g\u00f6re di\u011fer ilgili haklar\u0131n\u0131z olabilir. Bu haklar\u0131 kullanmak i\u00e7in bize <a rel=\"noopener\">info@mhtransfer.com<\/a> adresinden yazabilirsiniz. Talebinize ilgili yasaya uygun olarak yan\u0131t verece\u011fiz.<\/p><p>Ki\u015fisel bilgilerinizi toplama veya i\u015fleme izni vermezseniz veya gerekli ama\u00e7lar i\u00e7in i\u015fleme iznini geri \u00e7ekerseniz, bilgilerinizi talep etti\u011fimiz hizmetlere eri\u015fim sa\u011flayamayabilir veya bu hizmetleri kullanamayabilirsiniz.<\/p><p><strong>\u00c7erezler ve Benzeri Teknolojiler:<\/strong><\/p><p>Bu \u00e7erezleri ve izleme teknolojilerini nas\u0131l kulland\u0131\u011f\u0131m\u0131z ve bu teknolojilere ili\u015fkin se\u00e7enekleriniz hakk\u0131nda daha fazla bilgi almak i\u00e7in, l\u00fctfen \u00c7erez Politikam\u0131za bak\u0131n\u0131z.<\/p><p><strong>G\u00fcvenlik:<\/strong><\/p><p>Bilgilerinizin g\u00fcvenli\u011fi bizim i\u00e7in \u00f6nemlidir ve kontrol\u00fcm\u00fcz alt\u0131ndaki bilgilerin kayb\u0131n\u0131, k\u00f6t\u00fcye kullan\u0131m\u0131n\u0131 veya yetkisiz de\u011fi\u015fikli\u011fini \u00f6nlemek i\u00e7in makul g\u00fcvenlik \u00f6nlemleri kullanaca\u011f\u0131z. Ancak, do\u011fas\u0131 gere\u011fi riskler bulundu\u011fundan, mutlak g\u00fcvenli\u011fi garanti edemeyiz ve bu nedenle, bize iletti\u011finiz bilgilerin g\u00fcvenli\u011fini sa\u011flama veya garanti etme taahh\u00fcd\u00fcnde bulunamay\u0131z; bu nedenle, bilgilerinizi iletme riskini kendi sorumlulu\u011funuzda kabul edersiniz.<\/p><p><strong>\u015eikayet \/ Veri Koruma G\u00f6revlisi:<\/strong><\/p><p>Bilgilerinizin i\u015flenmesiyle ilgili herhangi bir soru veya endi\u015feniz varsa, l\u00fctfen Veri Koruma G\u00f6revlimize a\u015fa\u011f\u0131daki e-posta adresinden yazabilirsiniz:<br \/>Fatih Avvuran<br \/>Heimerstra\u00dfe 131,<br \/>41748 Viersen,<br \/>Almanya<br \/>E-posta: <a rel=\"noopener\">info@mhtransfer.com<\/a><\/p><p>Endi\u015felerinizi ilgili yasaya uygun olarak ele alaca\u011f\u0131z.<\/p><p>Gizlilik Politikas\u0131 CookieYes ile olu\u015fturulmu\u015ftur.<\/p>\t\t\t\t\t\t\t\t<\/div>\n\t\t\t\t<\/div>\n\t\t\t\t\t<\/div>\n\t\t\t\t<\/div>\n\t\t\t\t<\/div>\n\t\t","protected":false},"excerpt":{"rendered":"<p>Gizlilik Politikas\u0131 Son G\u00fcncelleme: 25 Temmuz 2024 Ge\u00e7erlilik Tarihi: 26 Temmuz 2024 Bu Gizlilik Politikas\u0131, Fatih Avvuran taraf\u0131ndan sa\u011flanan hizmetlerin (https:\/\/mhtransfer.com\/) bilgilerinizi toplama, kullanma ve if\u015fa etme politikalar\u0131n\u0131 a\u00e7\u0131klar. Adres ve ileti\u015fim bilgileri a\u015fa\u011f\u0131dad\u0131r: Fatih AvvuranHeimerstra\u00dfe 131,41748 Viersen,AlmanyaE-posta: info@mhtransfer.comTelefon: +49 213 32182986 Hizmeti eri\u015fiminiz veya kullan\u0131m\u0131n\u0131z, bilgilerinizi bu Gizlilik Politikas\u0131\u2019na uygun olarak toplama, kullanma ve [&hellip;]<\/p>\n","protected":false},"author":5,"featured_media":0,"parent":0,"menu_order":0,"comment_status":"closed","ping_status":"open","template":"","meta":{"_monsterinsights_skip_tracking":false,"_monsterinsights_sitenote_active":false,"_monsterinsights_sitenote_note":"","_monsterinsights_sitenote_category":0,"footnotes":""},"class_list":["post-3","page","type-page","status-publish","hentry"],"aioseo_notices":[],"_links":{"self":[{"href":"https:\/\/mhtransfer.com\/tr\/wp-json\/wp\/v2\/pages\/3"}],"collection":[{"href":"https:\/\/mhtransfer.com\/tr\/wp-json\/wp\/v2\/pages"}],"about":[{"href":"https:\/\/mhtransfer.com\/tr\/wp-json\/wp\/v2\/types\/page"}],"author":[{"embeddable":true,"href":"https:\/\/mhtransfer.com\/tr\/wp-json\/wp\/v2\/users\/5"}],"replies":[{"embeddable":true,"href":"https:\/\/mhtransfer.com\/tr\/wp-json\/wp\/v2\/comments?post=3"}],"version-history":[{"count":6,"href":"https:\/\/mhtransfer.com\/tr\/wp-json\/wp\/v2\/pages\/3\/revisions"}],"predecessor-version":[{"id":24915,"href":"https:\/\/mhtransfer.com\/tr\/wp-json\/wp\/v2\/pages\/3\/revisions\/24915"}],"wp:attachment":[{"href":"https:\/\/mhtransfer.com\/tr\/wp-json\/wp\/v2\/media?parent=3"}],"curies":[{"name":"wp","href":"https:\/\/api.w.org\/{rel}","templated":true}]}}