{"id":24380,"date":"2024-07-30T00:18:47","date_gmt":"2024-07-30T00:18:47","guid":{"rendered":"https:\/\/mhtransfer.com\/?page_id=24380"},"modified":"2024-08-23T02:49:07","modified_gmt":"2024-08-23T02:49:07","slug":"stamp","status":"publish","type":"page","link":"https:\/\/mhtransfer.com\/tr\/stamp\/","title":{"rendered":"Stamp"},"content":{"rendered":"\t\t<div data-elementor-type=\"wp-page\" data-elementor-id=\"24380\" class=\"elementor elementor-24380\" data-elementor-post-type=\"page\">\n\t\t\t\t<div class=\"elementor-element elementor-element-7c5529e e-flex e-con-boxed e-con e-parent\" data-id=\"7c5529e\" data-element_type=\"container\" data-e-type=\"container\">\n\t\t\t\t\t<div class=\"e-con-inner\">\n\t\t\t\t<div class=\"elementor-element elementor-element-a28dd39 elementor-widget elementor-widget-text-editor\" data-id=\"a28dd39\" data-element_type=\"widget\" data-e-type=\"widget\" data-widget_type=\"text-editor.default\">\n\t\t\t\t<div class=\"elementor-widget-container\">\n\t\t\t\t\t\t\t\t\t<p><strong>\u0130mpressum<\/strong><\/p><p><strong>MH-Transfer<\/strong><\/p><p><strong>Sahibi:<\/strong> Fatih Avvuran<br \/><strong>Adres:<\/strong> Heimerstra\u00dfe 131, 41748 Viersen, Almanya<\/p><p><strong>\u0130leti\u015fim:<\/strong><\/p><p><strong>Telefon:<\/strong> +49 213 32182986<br \/><strong>E-posta:<\/strong> <a rel=\"noopener\">info@mhtransfer.com<\/a><\/p><p><strong>Vergi Numaras\u0131:<\/strong> 114\/5018\/5303<br \/><strong>KDV Numaras\u0131:<\/strong> DE317679389<\/p>\t\t\t\t\t\t\t\t<\/div>\n\t\t\t\t<\/div>\n\t\t\t\t\t<\/div>\n\t\t\t\t<\/div>\n\t\t\t\t<\/div>\n\t\t","protected":false},"excerpt":{"rendered":"<p>\u0130mpressum MH-Transfer Sahibi: Fatih AvvuranAdres: Heimerstra\u00dfe 131, 41748 Viersen, Almanya \u0130leti\u015fim: Telefon: +49 213 32182986E-posta: info@mhtransfer.com Vergi Numaras\u0131: 114\/5018\/5303KDV Numaras\u0131: DE317679389<\/p>\n","protected":false},"author":5,"featured_media":0,"parent":0,"menu_order":0,"comment_status":"closed","ping_status":"closed","template":"","meta":{"_monsterinsights_skip_tracking":false,"_monsterinsights_sitenote_active":false,"_monsterinsights_sitenote_note":"","_monsterinsights_sitenote_category":0,"footnotes":""},"class_list":["post-24380","page","type-page","status-publish","hentry"],"aioseo_notices":[],"_links":{"self":[{"href":"https:\/\/mhtransfer.com\/tr\/wp-json\/wp\/v2\/pages\/24380"}],"collection":[{"href":"https:\/\/mhtransfer.com\/tr\/wp-json\/wp\/v2\/pages"}],"about":[{"href":"https:\/\/mhtransfer.com\/tr\/wp-json\/wp\/v2\/types\/page"}],"author":[{"embeddable":true,"href":"https:\/\/mhtransfer.com\/tr\/wp-json\/wp\/v2\/users\/5"}],"replies":[{"embeddable":true,"href":"https:\/\/mhtransfer.com\/tr\/wp-json\/wp\/v2\/comments?post=24380"}],"version-history":[{"count":13,"href":"https:\/\/mhtransfer.com\/tr\/wp-json\/wp\/v2\/pages\/24380\/revisions"}],"predecessor-version":[{"id":24886,"href":"https:\/\/mhtransfer.com\/tr\/wp-json\/wp\/v2\/pages\/24380\/revisions\/24886"}],"wp:attachment":[{"href":"https:\/\/mhtransfer.com\/tr\/wp-json\/wp\/v2\/media?parent=24380"}],"curies":[{"name":"wp","href":"https:\/\/api.w.org\/{rel}","templated":true}]}}