{"id":24029,"date":"2024-07-25T22:32:00","date_gmt":"2024-07-25T22:32:00","guid":{"rendered":"https:\/\/mhtransfer.com\/cookie-policy\/"},"modified":"2024-08-29T01:22:03","modified_gmt":"2024-08-29T01:22:03","slug":"cookie-policy","status":"publish","type":"page","link":"https:\/\/mhtransfer.com\/tr\/cookie-policy\/","title":{"rendered":"Cookie Policy"},"content":{"rendered":"\t\t<div data-elementor-type=\"wp-page\" data-elementor-id=\"24029\" class=\"elementor elementor-24029 elementor-23901\" data-elementor-post-type=\"page\">\n\t\t\t\t<div class=\"elementor-element elementor-element-d160003 e-flex e-con-boxed e-con e-parent\" data-id=\"d160003\" data-element_type=\"container\" data-e-type=\"container\">\n\t\t\t\t\t<div class=\"e-con-inner\">\n\t\t\t\t<div class=\"elementor-element elementor-element-a0f3b61 elementor-widget elementor-widget-text-editor\" data-id=\"a0f3b61\" data-element_type=\"widget\" data-e-type=\"widget\" data-widget_type=\"text-editor.default\">\n\t\t\t\t<div class=\"elementor-widget-container\">\n\t\t\t\t\t\t\t\t\t<p><style>\n    a.cky-banner-element {<br \/>\n        padding: 8px 30px;<br \/>\n        background: #F8F9FA;<br \/>\n        color: #858A8F;<br \/>\n        border: 1px solid #DEE2E6;<br \/>\n        box-sizing: border-box;<br \/>\n        border-radius: 2px;<br \/>\n        cursor: pointer;<br \/>\n}<br \/>\n<\/style><\/p><h1 class=\"cookie-policy-h1\">\u00c7erez Politikas\u0131<\/h1><p>Y\u00fcr\u00fcrl\u00fck Tarihi: 25-Temmuz-2024 <br \/>Son G\u00fcncelleme: 25-Temmuz-2024<\/p><p>\u00a0<\/p><h5>\u00c7erez nedir?<\/h5><div class=\"cookie-policy-p\"><p>Bu \u00c7erez Politikas\u0131, \u00e7erezlerin ne oldu\u011funu ve bunlar\u0131 nas\u0131l kulland\u0131\u011f\u0131m\u0131z\u0131, kulland\u0131\u011f\u0131m\u0131z \u00e7erez t\u00fcrlerini, yani \u00e7erezleri kullanarak toplad\u0131\u011f\u0131m\u0131z bilgileri ve bu bilgilerin nas\u0131l kullan\u0131ld\u0131\u011f\u0131n\u0131 ve \u00e7erez ayarlar\u0131n\u0131n nas\u0131l y\u00f6netilece\u011fini a\u00e7\u0131klar.<\/p><p>\u00c7erezler, k\u00fc\u00e7\u00fck bilgi par\u00e7alar\u0131n\u0131 saklamak i\u00e7in kullan\u0131lan k\u00fc\u00e7\u00fck metin dosyalar\u0131d\u0131r. Web sitesi taray\u0131c\u0131n\u0131za y\u00fcklendi\u011finde cihaz\u0131n\u0131zda saklan\u0131rlar. Bu \u00e7erezler, web sitesinin d\u00fczg\u00fcn \u00e7al\u0131\u015fmas\u0131n\u0131 sa\u011flamam\u0131za, daha g\u00fcvenli hale getirmemize, daha iyi kullan\u0131c\u0131 deneyimi sunmam\u0131za ve web sitesinin nas\u0131l performans g\u00f6sterdi\u011fini anlamam\u0131za ve neyin i\u015fe yarad\u0131\u011f\u0131n\u0131 ve nerede iyile\u015ftirilmesi gerekti\u011fini analiz etmemize yard\u0131mc\u0131 olur.<\/p><\/div><p>\u00a0<\/p><h5>\u00c7erezleri nas\u0131l kullan\u0131yoruz?<\/h5><div class=\"cookie-policy-p\"><p>\u00c7evrimi\u00e7i hizmetlerin \u00e7o\u011funda oldu\u011fu gibi, web sitemiz de \u00e7e\u015fitli ama\u00e7lar i\u00e7in birinci taraf ve \u00fc\u00e7\u00fcnc\u00fc taraf \u00e7erezleri kullan\u0131r. Birinci taraf \u00e7erezleri \u00e7o\u011funlukla web sitesinin do\u011fru \u015fekilde \u00e7al\u0131\u015fmas\u0131 i\u00e7in gereklidir ve ki\u015fisel olarak tan\u0131mlanabilir verilerinizi toplamazlar.<\/p><p>Web sitemizde kullan\u0131lan \u00fc\u00e7\u00fcnc\u00fc taraf \u00e7erezleri, esas olarak web sitesinin nas\u0131l \u00e7al\u0131\u015ft\u0131\u011f\u0131n\u0131, web sitemizle nas\u0131l etkile\u015fimde bulundu\u011funuzu anlamak, hizmetlerimizi g\u00fcvende tutmak, sizinle alakal\u0131 reklamlar sunmak ve sonu\u00e7 olarak size daha iyi ve geli\u015fmi\u015f bir kullan\u0131c\u0131 deneyimi sa\u011flamak ve web sitemizle gelecekteki etkile\u015fimlerinizi h\u0131zland\u0131rmaya yard\u0131mc\u0131 olmak i\u00e7indir.<\/p><\/div><p>\u00a0<\/p><h5>Kulland\u0131\u011f\u0131m\u0131z \u00c7erez T\u00fcrleri<\/h5><div class=\"cky-audit-table-element\">\u00a0<\/div><p>\u00a0<\/p><h5 style=\"margin-bottom: 20px;\">\u00c7erez tercihlerini y\u00f6netme<\/h5><p><a class=\"cky-banner-element\">\u00c7erez Ayarlar\u0131<\/a> <\/p><div><p>Yukar\u0131daki d\u00fc\u011fmeye t\u0131klayarak \u00e7erez tercihlerinizi istedi\u011finiz zaman de\u011fi\u015ftirebilirsiniz. Bu, \u00e7erez onay\u0131 ba\u015fl\u0131\u011f\u0131n\u0131 tekrar ziyaret etmenize ve tercihlerinizi de\u011fi\u015ftirmenize veya onay\u0131n\u0131z\u0131 hemen geri \u00e7ekmenize olanak tan\u0131r.<\/p><p>Buna ek olarak, farkl\u0131 taray\u0131c\u0131lar web siteleri taraf\u0131ndan kullan\u0131lan \u00e7erezleri engellemek ve silmek i\u00e7in farkl\u0131 y\u00f6ntemler sunar. \u00c7erezleri engellemek\/silmek i\u00e7in taray\u0131c\u0131n\u0131z\u0131n ayarlar\u0131n\u0131 de\u011fi\u015ftirebilirsiniz. A\u015fa\u011f\u0131da, ba\u015fl\u0131ca web taray\u0131c\u0131lar\u0131ndan \u00e7erezlerin nas\u0131l y\u00f6netilece\u011fi ve silinece\u011fi ile ilgili destek belgelerinin ba\u011flant\u0131lar\u0131 listelenmi\u015ftir.<\/p><p>Chrome: <a href=\"https:\/\/support.google.com\/accounts\/answer\/32050\" target=\"_blank\" rel=\"noopener\">https:\/\/support.google.com\/accounts\/answer\/32050<\/a><\/p><p>Safari: <a href=\"https:\/\/support.apple.com\/en-in\/guide\/safari\/sfri11471\/mac\" target=\"_blank\" rel=\"noopener\">https:\/\/support.apple.com\/en-in\/guide\/safari\/sfri11471\/mac<\/a><\/p><p>Firefox: <a href=\"https:\/\/support.mozilla.org\/en-US\/kb\/clear-cookies-and-site-data-firefox?redirectslug=delete-cookies-remove-info-websites-stored&amp;redirectlocale=en-US\" target=\"_blank\" rel=\"noopener\">https:\/\/support.mozilla.org\/en-US\/kb\/clear-cookies-and-site-data-firefox?redirectslug=delete-cookies-remove-info-websites-stored&amp;redirectlocale=en-US<\/a><\/p><p>Internet Explorer: <a href=\"https:\/\/support.microsoft.com\/en-us\/topic\/how-to-delete-cookie-files-in-internet-explorer-bca9446f-d873-78de-77ba-d42645fa52fc\" target=\"_blank\" rel=\"noopener\">https:\/\/support.microsoft.com\/en-us\/topic\/how-to-delete-cookie-files-in-internet-explorer-bca9446f-d873-78de-77ba-d42645fa52fc<\/a><\/p><p>Ba\u015fka bir web taray\u0131c\u0131s\u0131 kullan\u0131yorsan\u0131z, l\u00fctfen taray\u0131c\u0131n\u0131z\u0131n resmi destek belgelerini ziyaret edin.<\/p><\/div><p>\u00a0<\/p><p class=\"cookie-policy-p\"><a href=\"https:\/\/www.cookieyes.com\/?utm_source=CP&amp;utm_medium=footer&amp;utm_campaign=UW\" target=\"_blank\" rel=\"noopener\">CookieYes<\/a> Taraf\u0131ndan Olu\u015fturulan \u00c7erez Politikas\u0131 <a href=\"https:\/\/www.cookieyes.com\/?utm_source=CP&amp;utm_medium=footer&amp;utm_campaign=UW\" target=\"_blank\" rel=\"noopener\">&#8211; \u00c7erez Politikas\u0131 Olu\u015fturucu<\/a>.<\/p>\t\t\t\t\t\t\t\t<\/div>\n\t\t\t\t<\/div>\n\t\t\t\t\t<\/div>\n\t\t\t\t<\/div>\n\t\t\t\t<\/div>\n\t\t","protected":false},"excerpt":{"rendered":"<p>\u00c7erez Politikas\u0131 Y\u00fcr\u00fcrl\u00fck Tarihi: 25-Temmuz-2024 Son G\u00fcncelleme: 25-Temmuz-2024 \u00a0 \u00c7erez nedir? Bu \u00c7erez Politikas\u0131, \u00e7erezlerin ne oldu\u011funu ve bunlar\u0131 nas\u0131l kulland\u0131\u011f\u0131m\u0131z\u0131, kulland\u0131\u011f\u0131m\u0131z \u00e7erez t\u00fcrlerini, yani \u00e7erezleri kullanarak toplad\u0131\u011f\u0131m\u0131z bilgileri ve bu bilgilerin nas\u0131l kullan\u0131ld\u0131\u011f\u0131n\u0131 ve \u00e7erez ayarlar\u0131n\u0131n nas\u0131l y\u00f6netilece\u011fini a\u00e7\u0131klar. \u00c7erezler, k\u00fc\u00e7\u00fck bilgi par\u00e7alar\u0131n\u0131 saklamak i\u00e7in kullan\u0131lan k\u00fc\u00e7\u00fck metin dosyalar\u0131d\u0131r. Web sitesi taray\u0131c\u0131n\u0131za y\u00fcklendi\u011finde cihaz\u0131n\u0131zda [&hellip;]<\/p>\n","protected":false},"author":5,"featured_media":0,"parent":0,"menu_order":0,"comment_status":"closed","ping_status":"closed","template":"","meta":{"_monsterinsights_skip_tracking":false,"_monsterinsights_sitenote_active":false,"_monsterinsights_sitenote_note":"","_monsterinsights_sitenote_category":0,"footnotes":""},"class_list":["post-24029","page","type-page","status-publish","hentry"],"aioseo_notices":[],"_links":{"self":[{"href":"https:\/\/mhtransfer.com\/tr\/wp-json\/wp\/v2\/pages\/24029"}],"collection":[{"href":"https:\/\/mhtransfer.com\/tr\/wp-json\/wp\/v2\/pages"}],"about":[{"href":"https:\/\/mhtransfer.com\/tr\/wp-json\/wp\/v2\/types\/page"}],"author":[{"embeddable":true,"href":"https:\/\/mhtransfer.com\/tr\/wp-json\/wp\/v2\/users\/5"}],"replies":[{"embeddable":true,"href":"https:\/\/mhtransfer.com\/tr\/wp-json\/wp\/v2\/comments?post=24029"}],"version-history":[{"count":15,"href":"https:\/\/mhtransfer.com\/tr\/wp-json\/wp\/v2\/pages\/24029\/revisions"}],"predecessor-version":[{"id":25330,"href":"https:\/\/mhtransfer.com\/tr\/wp-json\/wp\/v2\/pages\/24029\/revisions\/25330"}],"wp:attachment":[{"href":"https:\/\/mhtransfer.com\/tr\/wp-json\/wp\/v2\/media?parent=24029"}],"curies":[{"name":"wp","href":"https:\/\/api.w.org\/{rel}","templated":true}]}}