{"id":24920,"date":"2024-07-13T12:11:15","date_gmt":"2024-07-13T12:11:15","guid":{"rendered":"https:\/\/mhtransfer.com\/?page_id=24920"},"modified":"2024-08-23T03:00:45","modified_gmt":"2024-08-23T03:00:45","slug":"elementor-24920","status":"publish","type":"page","link":"https:\/\/mhtransfer.com\/es\/elementor-24920\/","title":{"rendered":"Elementor #24920"},"content":{"rendered":"\t\t<div data-elementor-type=\"wp-page\" data-elementor-id=\"24920\" class=\"elementor elementor-24920 elementor-3\" data-elementor-post-type=\"page\">\n\t\t\t\t<div class=\"elementor-element elementor-element-5e5cd96f e-flex e-con-boxed e-con e-parent\" data-id=\"5e5cd96f\" data-element_type=\"container\" data-e-type=\"container\">\n\t\t\t\t\t<div class=\"e-con-inner\">\n\t\t\t\t<div class=\"elementor-element elementor-element-4f67f069 elementor-widget elementor-widget-text-editor\" data-id=\"4f67f069\" data-element_type=\"widget\" data-e-type=\"widget\" data-widget_type=\"text-editor.default\">\n\t\t\t\t<div class=\"elementor-widget-container\">\n\t\t\t\t\t\t\t\t\t<p><strong>Pol\u00edtica de Privacidad<\/strong><\/p><p>\u00daltima Actualizaci\u00f3n: 25 de julio de 2024<\/p><p>Fecha de Entrada en Vigor: 26 de julio de 2024<\/p><p>Esta Pol\u00edtica de Privacidad describe las pol\u00edticas de Fatih Avvuran,<br \/>Heimerstra\u00dfe 131,<br \/>41748 Viersen,<br \/>Alemania,<br \/>correo electr\u00f3nico: <a rel=\"noopener\">info@mhtransfer.com<\/a>,<br \/>tel\u00e9fono: +49 213 32182986<\/p><p>sobre la recopilaci\u00f3n, uso y divulgaci\u00f3n de su informaci\u00f3n que recopilamos cuando utiliza nuestro sitio web (<a href=\"https:\/\/mhtransfer.com\/\" target=\"_new\" rel=\"noopener\">https:\/\/mhtransfer.com\/<\/a>) (el \u201cServicio\u201d). Al acceder o utilizar el Servicio, usted consiente la recopilaci\u00f3n, uso y divulgaci\u00f3n de su informaci\u00f3n de acuerdo con esta Pol\u00edtica de Privacidad. Si no consiente lo mismo, por favor no acceda ni utilice el Servicio.<\/p><p>Podemos modificar esta Pol\u00edtica de Privacidad en cualquier momento sin previo aviso y publicaremos la Pol\u00edtica de Privacidad revisada en el Servicio. La Pol\u00edtica revisada ser\u00e1 efectiva 180 d\u00edas despu\u00e9s de su publicaci\u00f3n en el Servicio y su acceso o uso continuado del Servicio despu\u00e9s de dicho per\u00edodo constituir\u00e1 su aceptaci\u00f3n de la Pol\u00edtica de Privacidad revisada. Por lo tanto, le recomendamos que revise peri\u00f3dicamente esta p\u00e1gina.<\/p><p><strong>Sus Derechos:<\/strong><\/p><p>Dependiendo de la ley aplicable, puede tener derecho a acceder, rectificar o borrar sus datos personales o recibir una copia de sus datos personales, restringir u oponerse al procesamiento activo de sus datos, solicitar que compartamos (portemos) su informaci\u00f3n personal a otra entidad, retirar cualquier consentimiento que haya proporcionado para procesar sus datos, el derecho a presentar una queja ante una autoridad competente y otros derechos que puedan ser relevantes seg\u00fan las leyes aplicables. Para ejercer estos derechos, puede escribirnos a <a rel=\"noopener\">info@mhtransfer.com<\/a>. Responderemos a su solicitud de acuerdo con la ley aplicable.<\/p><p>Tenga en cuenta que si no nos permite recopilar o procesar la informaci\u00f3n personal requerida o retira el consentimiento para procesar la misma para los fines requeridos, es posible que no pueda acceder o utilizar los servicios para los cuales se solicit\u00f3 su informaci\u00f3n.<\/p><p><strong>Cookies y Tecnolog\u00edas Similares:<\/strong><\/p><p>Para obtener m\u00e1s informaci\u00f3n sobre c\u00f3mo usamos estas tecnolog\u00edas y sus opciones en relaci\u00f3n con estas tecnolog\u00edas de seguimiento, consulte nuestra Pol\u00edtica de Cookies.<\/p><p><strong>Seguridad:<\/strong><\/p><p>La seguridad de su informaci\u00f3n es importante para nosotros y utilizaremos medidas de seguridad razonables para prevenir la p\u00e9rdida, el uso indebido o la alteraci\u00f3n no autorizada de su informaci\u00f3n bajo nuestro control. Sin embargo, dadas las riesgos inherentes, no podemos garantizar la seguridad absoluta y, en consecuencia, no podemos asegurar ni garantizar la seguridad de cualquier informaci\u00f3n que nos transmita y lo hace bajo su propio riesgo.<\/p><p><strong>Oficina de Quejas \/ Protecci\u00f3n de Datos:<\/strong><\/p><p>Si tiene alguna pregunta o inquietud sobre el procesamiento de su informaci\u00f3n que tenemos, puede enviar un correo electr\u00f3nico a nuestro Oficial de Protecci\u00f3n de Datos en:<br \/>Fatih Avvuran<br \/>Heimerstra\u00dfe 131,<br \/>41748 Viersen,<br \/>Alemania<br \/>correo electr\u00f3nico: <a rel=\"noopener\">info@mhtransfer.com<\/a><\/p><p>Abordaremos sus inquietudes de acuerdo con la ley aplicable.<\/p><p>Pol\u00edtica de Privacidad generada con CookieYes.<\/p>\t\t\t\t\t\t\t\t<\/div>\n\t\t\t\t<\/div>\n\t\t\t\t\t<\/div>\n\t\t\t\t<\/div>\n\t\t\t\t<\/div>\n\t\t","protected":false},"excerpt":{"rendered":"<p>Pol\u00edtica de Privacidad \u00daltima Actualizaci\u00f3n: 25 de julio de 2024 Fecha de Entrada en Vigor: 26 de julio de 2024 Esta Pol\u00edtica de Privacidad describe las pol\u00edticas de Fatih Avvuran,Heimerstra\u00dfe 131,41748 Viersen,Alemania,correo electr\u00f3nico: info@mhtransfer.com,tel\u00e9fono: +49 213 32182986 sobre la recopilaci\u00f3n, uso y divulgaci\u00f3n de su informaci\u00f3n que recopilamos cuando utiliza nuestro sitio web (https:\/\/mhtransfer.com\/) (el [&hellip;]<\/p>\n","protected":false},"author":5,"featured_media":0,"parent":0,"menu_order":0,"comment_status":"closed","ping_status":"open","template":"","meta":{"_monsterinsights_skip_tracking":false,"_monsterinsights_sitenote_active":false,"_monsterinsights_sitenote_note":"","_monsterinsights_sitenote_category":0,"footnotes":""},"class_list":["post-24920","page","type-page","status-publish","hentry"],"aioseo_notices":[],"_links":{"self":[{"href":"https:\/\/mhtransfer.com\/es\/wp-json\/wp\/v2\/pages\/24920"}],"collection":[{"href":"https:\/\/mhtransfer.com\/es\/wp-json\/wp\/v2\/pages"}],"about":[{"href":"https:\/\/mhtransfer.com\/es\/wp-json\/wp\/v2\/types\/page"}],"author":[{"embeddable":true,"href":"https:\/\/mhtransfer.com\/es\/wp-json\/wp\/v2\/users\/5"}],"replies":[{"embeddable":true,"href":"https:\/\/mhtransfer.com\/es\/wp-json\/wp\/v2\/comments?post=24920"}],"version-history":[{"count":4,"href":"https:\/\/mhtransfer.com\/es\/wp-json\/wp\/v2\/pages\/24920\/revisions"}],"predecessor-version":[{"id":24931,"href":"https:\/\/mhtransfer.com\/es\/wp-json\/wp\/v2\/pages\/24920\/revisions\/24931"}],"wp:attachment":[{"href":"https:\/\/mhtransfer.com\/es\/wp-json\/wp\/v2\/media?parent=24920"}],"curies":[{"name":"wp","href":"https:\/\/api.w.org\/{rel}","templated":true}]}}