{"id":24887,"date":"2024-07-30T00:18:47","date_gmt":"2024-07-30T00:18:47","guid":{"rendered":"https:\/\/mhtransfer.com\/?page_id=24887"},"modified":"2024-08-23T02:51:19","modified_gmt":"2024-08-23T02:51:19","slug":"elementor-24887","status":"publish","type":"page","link":"https:\/\/mhtransfer.com\/es\/elementor-24887\/","title":{"rendered":"Elementor #24887"},"content":{"rendered":"\t\t<div data-elementor-type=\"wp-page\" data-elementor-id=\"24887\" class=\"elementor elementor-24887 elementor-24380\" data-elementor-post-type=\"page\">\n\t\t\t\t<div class=\"elementor-element elementor-element-7c5529e e-flex e-con-boxed e-con e-parent\" data-id=\"7c5529e\" data-element_type=\"container\" data-e-type=\"container\">\n\t\t\t\t\t<div class=\"e-con-inner\">\n\t\t\t\t<div class=\"elementor-element elementor-element-a28dd39 elementor-widget elementor-widget-text-editor\" data-id=\"a28dd39\" data-element_type=\"widget\" data-e-type=\"widget\" data-widget_type=\"text-editor.default\">\n\t\t\t\t<div class=\"elementor-widget-container\">\n\t\t\t\t\t\t\t\t\t<p><strong>Aviso Legal<\/strong><\/p><p><strong>MH-Transfer<\/strong><\/p><p><strong>Propietario:<\/strong> Fatih Avvuran<br \/><strong>Direcci\u00f3n:<\/strong> Heimerstra\u00dfe 131, 41748 Viersen, Alemania<\/p><p><strong>Contacto:<\/strong><\/p><p><strong>Tel\u00e9fono:<\/strong> +49 213 32182986<br \/><strong>Correo Electr\u00f3nico:<\/strong> <a rel=\"noopener\">info@mhtransfer.com<\/a><\/p><p><strong>N\u00famero de Identificaci\u00f3n Fiscal (NIF):<\/strong> 114\/5018\/5303<br \/><strong>N\u00famero de Identificaci\u00f3n a efectos del IVA (NIF-IVA):<\/strong> DE317679389<\/p>\t\t\t\t\t\t\t\t<\/div>\n\t\t\t\t<\/div>\n\t\t\t\t\t<\/div>\n\t\t\t\t<\/div>\n\t\t\t\t<\/div>\n\t\t","protected":false},"excerpt":{"rendered":"<p>Aviso Legal MH-Transfer Propietario: Fatih AvvuranDirecci\u00f3n: Heimerstra\u00dfe 131, 41748 Viersen, Alemania Contacto: Tel\u00e9fono: +49 213 32182986Correo Electr\u00f3nico: info@mhtransfer.com N\u00famero de Identificaci\u00f3n Fiscal (NIF): 114\/5018\/5303N\u00famero de Identificaci\u00f3n a efectos del IVA (NIF-IVA): DE317679389<\/p>\n","protected":false},"author":5,"featured_media":0,"parent":0,"menu_order":0,"comment_status":"closed","ping_status":"closed","template":"","meta":{"_monsterinsights_skip_tracking":false,"_monsterinsights_sitenote_active":false,"_monsterinsights_sitenote_note":"","_monsterinsights_sitenote_category":0,"footnotes":""},"class_list":["post-24887","page","type-page","status-publish","hentry"],"aioseo_notices":[],"_links":{"self":[{"href":"https:\/\/mhtransfer.com\/es\/wp-json\/wp\/v2\/pages\/24887"}],"collection":[{"href":"https:\/\/mhtransfer.com\/es\/wp-json\/wp\/v2\/pages"}],"about":[{"href":"https:\/\/mhtransfer.com\/es\/wp-json\/wp\/v2\/types\/page"}],"author":[{"embeddable":true,"href":"https:\/\/mhtransfer.com\/es\/wp-json\/wp\/v2\/users\/5"}],"replies":[{"embeddable":true,"href":"https:\/\/mhtransfer.com\/es\/wp-json\/wp\/v2\/comments?post=24887"}],"version-history":[{"count":4,"href":"https:\/\/mhtransfer.com\/es\/wp-json\/wp\/v2\/pages\/24887\/revisions"}],"predecessor-version":[{"id":24896,"href":"https:\/\/mhtransfer.com\/es\/wp-json\/wp\/v2\/pages\/24887\/revisions\/24896"}],"wp:attachment":[{"href":"https:\/\/mhtransfer.com\/es\/wp-json\/wp\/v2\/media?parent=24887"}],"curies":[{"name":"wp","href":"https:\/\/api.w.org\/{rel}","templated":true}]}}