{"id":24918,"date":"2024-07-13T12:11:15","date_gmt":"2024-07-13T12:11:15","guid":{"rendered":"https:\/\/mhtransfer.com\/?page_id=24918"},"modified":"2024-08-23T03:00:00","modified_gmt":"2024-08-23T03:00:00","slug":"elementor-24918","status":"publish","type":"page","link":"https:\/\/mhtransfer.com\/de\/elementor-24918\/","title":{"rendered":"Elementor #24918"},"content":{"rendered":"\t\t<div data-elementor-type=\"wp-page\" data-elementor-id=\"24918\" class=\"elementor elementor-24918 elementor-3\" data-elementor-post-type=\"page\">\n\t\t\t\t<div class=\"elementor-element elementor-element-5e5cd96f e-flex e-con-boxed e-con e-parent\" data-id=\"5e5cd96f\" data-element_type=\"container\" data-e-type=\"container\">\n\t\t\t\t\t<div class=\"e-con-inner\">\n\t\t\t\t<div class=\"elementor-element elementor-element-4f67f069 elementor-widget elementor-widget-text-editor\" data-id=\"4f67f069\" data-element_type=\"widget\" data-e-type=\"widget\" data-widget_type=\"text-editor.default\">\n\t\t\t\t<div class=\"elementor-widget-container\">\n\t\t\t\t\t\t\t\t\t<p><strong>Datenschutzbestimmungen<\/strong><\/p><p>Letzte Aktualisierung: 25. Juli 2024<\/p><p>G\u00fcltigkeitsdatum: 26. Juli 2024<\/p><p>Diese Datenschutzbestimmungen beschreiben die Richtlinien von Fatih Avvuran,<br \/>Heimerstra\u00dfe 131,<br \/>41748 Viersen,<br \/>Deutschland,<br \/>E-Mail: <a rel=\"noopener\">info@mhtransfer.com<\/a>,<br \/>Telefon: +49 213 32182986<\/p><p>zur Erhebung, Nutzung und Offenlegung Ihrer Informationen, die wir sammeln, wenn Sie unsere Website (<a href=\"https:\/\/mhtransfer.com\/\" target=\"_new\" rel=\"noopener\">https:\/\/mhtransfer.com\/<\/a>) nutzen (der \u201eService\u201c). Durch den Zugriff auf oder die Nutzung des Services stimmen Sie der Erhebung, Nutzung und Offenlegung Ihrer Informationen gem\u00e4\u00df diesen Datenschutzbestimmungen zu. Wenn Sie dem nicht zustimmen, nutzen oder greifen Sie bitte nicht auf den Service zu.<\/p><p>Wir k\u00f6nnen diese Datenschutzbestimmungen jederzeit ohne vorherige Ank\u00fcndigung \u00e4ndern und die ge\u00e4nderten Datenschutzbestimmungen auf dem Service ver\u00f6ffentlichen. Die ge\u00e4nderten Bestimmungen sind 180 Tage nach ihrer Ver\u00f6ffentlichung auf dem Service wirksam, und Ihre fortgesetzte Nutzung des Services nach dieser Zeit gilt als Akzeptanz der ge\u00e4nderten Datenschutzbestimmungen. Daher empfehlen wir Ihnen, diese Seite regelm\u00e4\u00dfig zu \u00fcberpr\u00fcfen.<\/p><p><strong>Ihre Rechte:<\/strong><\/p><p>Je nach anwendbarem Recht haben Sie m\u00f6glicherweise das Recht, auf Ihre pers\u00f6nlichen Daten zuzugreifen, diese zu berichtigen oder zu l\u00f6schen, eine Kopie Ihrer pers\u00f6nlichen Daten zu erhalten, die aktive Verarbeitung Ihrer Daten einzuschr\u00e4nken oder dagegen Widerspruch einzulegen, uns zu bitten, Ihre pers\u00f6nlichen Informationen an eine andere Stelle zu \u00fcbertragen (Portierung), Ihre Zustimmung zur Verarbeitung Ihrer Daten zur\u00fcckzuziehen, eine Beschwerde bei einer Aufsichtsbeh\u00f6rde einzureichen und weitere Rechte, die nach den geltenden Gesetzen relevant sein k\u00f6nnten. Um diese Rechte auszu\u00fcben, k\u00f6nnen Sie uns unter <a rel=\"noopener\">info@mhtransfer.com<\/a> kontaktieren. Wir werden Ihre Anfrage gem\u00e4\u00df den geltenden Gesetzen beantworten.<\/p><p>Bitte beachten Sie, dass, wenn Sie uns nicht erlauben, die erforderlichen pers\u00f6nlichen Informationen zu sammeln oder zu verarbeiten, oder die Zustimmung zur Verarbeitung dieser Informationen f\u00fcr die erforderlichen Zwecke widerrufen, Sie m\u00f6glicherweise nicht auf die Dienste zugreifen oder diese nutzen k\u00f6nnen, f\u00fcr die Ihre Informationen ben\u00f6tigt wurden.<\/p><p><strong>Cookies und \u00c4hnliches:<\/strong><\/p><p>Um mehr dar\u00fcber zu erfahren, wie wir Cookies und \u00e4hnliche Technologien verwenden und welche Optionen Sie in Bezug auf diese Technologien haben, lesen Sie bitte unsere Cookie-Richtlinie.<\/p><p><strong>Sicherheit:<\/strong><\/p><p>Die Sicherheit Ihrer Informationen ist uns wichtig, und wir werden angemessene Sicherheitsma\u00dfnahmen ergreifen, um den Verlust, Missbrauch oder die unbefugte Ver\u00e4nderung Ihrer Informationen unter unserer Kontrolle zu verhindern. Aufgrund der inh\u00e4renten Risiken k\u00f6nnen wir jedoch keine absolute Sicherheit garantieren und k\u00f6nnen daher die Sicherheit der Informationen, die Sie uns \u00fcbermitteln, nicht gew\u00e4hrleisten oder garantieren. Sie tun dies auf eigenes Risiko.<\/p><p><strong>Beschwerden \/ Datenschutzbeauftragter:<\/strong><\/p><p>Wenn Sie Fragen oder Bedenken zur Verarbeitung Ihrer bei uns verf\u00fcgbaren Informationen haben, k\u00f6nnen Sie unseren Datenschutzbeauftragten unter den folgenden Kontaktdaten erreichen:<br \/>Fatih Avvuran<br \/>Heimerstra\u00dfe 131,<br \/>41748 Viersen,<br \/>Deutschland<br \/>E-Mail: <a rel=\"noopener\">info@mhtransfer.com<\/a><\/p><p>Wir werden Ihre Bedenken gem\u00e4\u00df den geltenden Gesetzen behandeln.<\/p><p>Datenschutzbestimmungen erstellt mit CookieYes.<\/p>\t\t\t\t\t\t\t\t<\/div>\n\t\t\t\t<\/div>\n\t\t\t\t\t<\/div>\n\t\t\t\t<\/div>\n\t\t\t\t<\/div>\n\t\t","protected":false},"excerpt":{"rendered":"<p>Datenschutzbestimmungen Letzte Aktualisierung: 25. Juli 2024 G\u00fcltigkeitsdatum: 26. Juli 2024 Diese Datenschutzbestimmungen beschreiben die Richtlinien von Fatih Avvuran,Heimerstra\u00dfe 131,41748 Viersen,Deutschland,E-Mail: info@mhtransfer.com,Telefon: +49 213 32182986 zur Erhebung, Nutzung und Offenlegung Ihrer Informationen, die wir sammeln, wenn Sie unsere Website (https:\/\/mhtransfer.com\/) nutzen (der \u201eService\u201c). Durch den Zugriff auf oder die Nutzung des Services stimmen Sie der Erhebung, [&hellip;]<\/p>\n","protected":false},"author":5,"featured_media":0,"parent":0,"menu_order":0,"comment_status":"closed","ping_status":"open","template":"","meta":{"_monsterinsights_skip_tracking":false,"_monsterinsights_sitenote_active":false,"_monsterinsights_sitenote_note":"","_monsterinsights_sitenote_category":0,"footnotes":""},"class_list":["post-24918","page","type-page","status-publish","hentry"],"aioseo_notices":[],"_links":{"self":[{"href":"https:\/\/mhtransfer.com\/de\/wp-json\/wp\/v2\/pages\/24918"}],"collection":[{"href":"https:\/\/mhtransfer.com\/de\/wp-json\/wp\/v2\/pages"}],"about":[{"href":"https:\/\/mhtransfer.com\/de\/wp-json\/wp\/v2\/types\/page"}],"author":[{"embeddable":true,"href":"https:\/\/mhtransfer.com\/de\/wp-json\/wp\/v2\/users\/5"}],"replies":[{"embeddable":true,"href":"https:\/\/mhtransfer.com\/de\/wp-json\/wp\/v2\/comments?post=24918"}],"version-history":[{"count":4,"href":"https:\/\/mhtransfer.com\/de\/wp-json\/wp\/v2\/pages\/24918\/revisions"}],"predecessor-version":[{"id":24928,"href":"https:\/\/mhtransfer.com\/de\/wp-json\/wp\/v2\/pages\/24918\/revisions\/24928"}],"wp:attachment":[{"href":"https:\/\/mhtransfer.com\/de\/wp-json\/wp\/v2\/media?parent=24918"}],"curies":[{"name":"wp","href":"https:\/\/api.w.org\/{rel}","templated":true}]}}